{"id":82,"date":"2012-05-28T02:30:03","date_gmt":"2012-05-28T02:30:03","guid":{"rendered":"http:\/\/tf.dtbaker.com.au\/wordpress\/child_care_creative2\/?page_id=82"},"modified":"2014-06-18T11:16:11","modified_gmt":"2014-06-18T09:16:11","slug":"blog","status":"publish","type":"page","link":"https:\/\/www.archenoah-finnentrop.de\/?page_id=82","title":{"rendered":"Oeffentlichkeitsarbeit"},"content":{"rendered":"<table border=\"0\" align=\"left\">\n<tbody>\n<tr valign=\"top\">\n<td><b style=\"color: #000000; font-style: normal;\"><a style=\"text-decoration: underline;\" href=\"https:\/\/www.archenoah-finnentrop.de\/wp-content\/uploads\/2013-02-28-15-10-15_Punkt-7-\u00d6ffentlichkeitsarbeit.png\"><img loading=\"lazy\" decoding=\"async\" class=\"size-full wp-image-258 alignleft\" style=\"border-color: #bbbbbb; margin-top: 0.4em; background-color: #eeeeee;\" alt=\"\u00d6ffentlichkeitsarbeit\" src=\"https:\/\/www.archenoah-finnentrop.de\/wp-content\/uploads\/2013-02-28-15-10-15_Punkt-7-\u00d6ffentlichkeitsarbeit.png\" width=\"707\" height=\"782\" srcset=\"https:\/\/www.archenoah-finnentrop.de\/wp-content\/uploads\/2013-02-28-15-10-15_Punkt-7-\u00d6ffentlichkeitsarbeit.png 707w, https:\/\/www.archenoah-finnentrop.de\/wp-content\/uploads\/2013-02-28-15-10-15_Punkt-7-\u00d6ffentlichkeitsarbeit-271x300.png 271w, https:\/\/www.archenoah-finnentrop.de\/wp-content\/uploads\/2013-02-28-15-10-15_Punkt-7-\u00d6ffentlichkeitsarbeit-300x331.png 300w\" sizes=\"auto, (max-width: 707px) 100vw, 707px\" \/><\/a><\/b><\/td>\n<td style=\"background-color: #dde5f5;\" valign=\"top\">\n<h2>Unsere Kooperationspartner:<\/h2>\n<p><!--[banner]Unsere Kooperationspartner:[\/banner]--><\/p>\n<ul>\n<li>AufWind<\/li>\n<li>IN VIA Bildungswerk<\/li>\n<li>Kbs Kath. Bildungsst\u00e4tte f\u00fcr Erwachsenen- und Familienbildung<\/li>\n<li>DRK Olpe<\/li>\n<li>Frau Hoffmann (Hebamme)<\/li>\n<li>Naturheilkunde Praxis Lennestadt<\/li>\n<li>Caritasverband f\u00fcr den Kreis Olpe<\/li>\n<li>kfd Finnentrop<\/li>\n<li>Tageselternverein<\/li>\n<li>Praxis f\u00fcr Logop\u00e4die Dialogo<\/li>\n<li>Praxis f\u00fcr Mototherapie Hegener<\/li>\n<li>Praxis f\u00fcr Heilp\u00e4dagogik Zenker<\/li>\n<li>Kindergarten und Familienzentrum Spatzennest Heggen<\/li>\n<li>Seniorenzentrum Habbecker Heide<\/li>\n<\/ul>\n<h2>Angebote im Familienzentrum:<\/h2>\n<p><!--[banner]Angebote im Familienzentrum:[\/banner] --><\/p>\n<ul>\n<li>Babytreff mit der Hebamme Fr. Elisabeth Hoffmann (monatlich)<\/li>\n<li>Elterncaf\u00e9 (monatlich)<\/li>\n<li>Krabbelgruppe mit einer Erzieherin f\u00fcr Kinder im Alter von\u00a06 Monaten bis 2 Jahren (w\u00f6chentlich)<\/li>\n<li>Spielgruppe mit einer Erzieherin f\u00fcr Kinder im Alter von 2-3 Jahren (w\u00f6chentlich)<\/li>\n<li>Kinderturnen au\u00dferhalb der \u00d6ffnungszeiten mit einer Bewegungsp\u00e4dagogin (w\u00f6chentlich)<\/li>\n<li>Psychomotorisches Turnen mit einer Motop\u00e4din au\u00dferhalb der \u00d6ffnungszeiten (mehrmals im Jahr)<\/li>\n<li>Infoecke<\/li>\n<li>Logop\u00e4die (mehrmals w\u00f6chentlich)<\/li>\n<li>Fr\u00fchf\u00f6rderung (mehrmals w\u00f6chentlich)<\/li>\n<li>F\u00f6rderung durch einen Lerntrainer (w\u00f6chentlich)<\/li>\n<li>Elternb\u00fccherei im Eingangsbereich<\/li>\n<li>Hospitationsm\u00f6glichkeit<\/li>\n<li>Elternmitwirkung durch Elternvertretung und Elternbeirat<\/li>\n<li>Bastel- und Werkaktionen<\/li>\n<li>Aktivit\u00e4ten mit Kindern, Eltern oder der gesamten Familie<\/li>\n<li>Betreuung von Kinder, deren M\u00fctter einen Sprachkurs bei INVIA absolvieren<\/li>\n<li>Die M\u00f6glichkeit zur aktiven Mitgestaltung<\/li>\n<li>Kursangebote zur F\u00f6rderung der V\u00e4terkompetenz<\/li>\n<li>Vortr\u00e4ge f\u00fcr Eltern zu verschiedenen Themen:<\/li>\n<li>Erziehungsfragen<\/li>\n<li>Gesundheitsfragen<\/li>\n<li>Lebenshilfen<\/li>\n<\/ul>\n<\/td>\n<\/tr>\n<\/tbody>\n<\/table>\n<p><\/p>\n","protected":false},"excerpt":{"rendered":"<p>Unsere Kooperationspartner: AufWind IN VIA Bildungswerk Kbs Kath. Bildungsst\u00e4tte f\u00fcr Erwachsenen- und Familienbildung DRK Olpe Frau Hoffmann (Hebamme) Naturheilkunde Praxis Lennestadt Caritasverband f\u00fcr den Kreis Olpe kfd Finnentrop Tageselternverein Praxis f\u00fcr Logop\u00e4die Dialogo Praxis f\u00fcr Mototherapie Hegener Praxis f\u00fcr Heilp\u00e4dagogik [&hellip;]<\/p>\n","protected":false},"author":1,"featured_media":0,"parent":0,"menu_order":0,"comment_status":"closed","ping_status":"closed","template":"","meta":{"footnotes":""},"class_list":["post-82","page","type-page","status-publish","hentry","","index.php?rest_route=%2Fwp%2Fv2%2Fpages%2F82"],"_links":{"self":[{"href":"https:\/\/www.archenoah-finnentrop.de\/index.php?rest_route=\/wp\/v2\/pages\/82","targetHints":{"allow":["GET"]}}],"collection":[{"href":"https:\/\/www.archenoah-finnentrop.de\/index.php?rest_route=\/wp\/v2\/pages"}],"about":[{"href":"https:\/\/www.archenoah-finnentrop.de\/index.php?rest_route=\/wp\/v2\/types\/page"}],"author":[{"embeddable":true,"href":"https:\/\/www.archenoah-finnentrop.de\/index.php?rest_route=\/wp\/v2\/users\/1"}],"replies":[{"embeddable":true,"href":"https:\/\/www.archenoah-finnentrop.de\/index.php?rest_route=%2Fwp%2Fv2%2Fcomments&post=82"}],"version-history":[{"count":15,"href":"https:\/\/www.archenoah-finnentrop.de\/index.php?rest_route=\/wp\/v2\/pages\/82\/revisions"}],"predecessor-version":[{"id":534,"href":"https:\/\/www.archenoah-finnentrop.de\/index.php?rest_route=\/wp\/v2\/pages\/82\/revisions\/534"}],"wp:attachment":[{"href":"https:\/\/www.archenoah-finnentrop.de\/index.php?rest_route=%2Fwp%2Fv2%2Fmedia&parent=82"}],"curies":[{"name":"wp","href":"https:\/\/api.w.org\/{rel}","templated":true}]}}