{"id":588,"date":"2017-03-28T14:15:29","date_gmt":"2017-03-28T12:15:29","guid":{"rendered":"http:\/\/archenoah-finnentrop.de\/?page_id=588"},"modified":"2018-03-09T08:26:06","modified_gmt":"2018-03-09T06:26:06","slug":"sprach-kita","status":"publish","type":"page","link":"https:\/\/www.archenoah-finnentrop.de\/?page_id=588","title":{"rendered":"Sprach-Kita"},"content":{"rendered":"<p style=\"text-align: left;\"><a href=\"https:\/\/www.archenoah-finnentrop.de\/wp-content\/uploads\/0001.jpg\"><img loading=\"lazy\" decoding=\"async\" class=\"size-full wp-image-590 aligncenter\" src=\"https:\/\/www.archenoah-finnentrop.de\/wp-content\/uploads\/0001.jpg\" alt=\"\" width=\"350\" height=\"150\" srcset=\"https:\/\/www.archenoah-finnentrop.de\/wp-content\/uploads\/0001.jpg 350w, https:\/\/www.archenoah-finnentrop.de\/wp-content\/uploads\/0001-300x129.jpg 300w\" sizes=\"auto, (max-width: 350px) 100vw, 350px\" \/><\/a><\/p>\n<p style=\"text-align: left;\">In unserer Sprach-Kita werden die erfolgreichen Ans\u00e4tze des Bundesprogramm Fr\u00fche Chancen \u201eSchwerpunkt- Kitas- Sprache und Integration\u201c (2011-2015) durch das neue<\/p>\n<p style=\"text-align: center;\"><strong>BUNDESPROGRAMM SPRACH-KITA:<\/strong><br \/>\n<strong> WEIL SPRACHE DER SCHL\u00dcSSEL ZUR WELT IST<\/strong><\/p>\n<p>seit Januar 2016 fortgef\u00fchrt.<\/p>\n<p style=\"text-align: left;\">Auf sprachliche Bildung wird in unserem Kita-Alltag besonders Wert gelegt. Unsere Sprachfachkr\u00e4fte Frau Klauke und Frau Reuter begleiten, beraten und unterst\u00fctzen das Kita-Team in folgenden Bereichen:<\/p>\n<p style=\"text-align: center;\"><strong>&#8211; Alltagsintegrierte sprachliche Bildung<\/strong><\/p>\n<p style=\"text-align: center;\"><a href=\"https:\/\/www.archenoah-finnentrop.de\/wp-content\/uploads\/0002.jpg\"><img loading=\"lazy\" decoding=\"async\" class=\"alignnone size-medium wp-image-589\" src=\"https:\/\/www.archenoah-finnentrop.de\/wp-content\/uploads\/0002-300x225.jpg\" alt=\"\" width=\"300\" height=\"225\" srcset=\"https:\/\/www.archenoah-finnentrop.de\/wp-content\/uploads\/0002-300x225.jpg 300w, https:\/\/www.archenoah-finnentrop.de\/wp-content\/uploads\/0002-768x575.jpg 768w, https:\/\/www.archenoah-finnentrop.de\/wp-content\/uploads\/0002.jpg 925w\" sizes=\"auto, (max-width: 300px) 100vw, 300px\" \/><\/a><\/p>\n<p style=\"text-align: center;\"><strong>&#8211; Inklusive P\u00e4dagogik<\/strong><\/p>\n<p style=\"text-align: center;\"><a href=\"https:\/\/www.archenoah-finnentrop.de\/wp-content\/uploads\/0003.jpg\"><img loading=\"lazy\" decoding=\"async\" class=\"alignnone size-medium wp-image-591\" src=\"https:\/\/www.archenoah-finnentrop.de\/wp-content\/uploads\/0003-300x225.jpg\" alt=\"\" width=\"300\" height=\"225\" srcset=\"https:\/\/www.archenoah-finnentrop.de\/wp-content\/uploads\/0003-300x225.jpg 300w, https:\/\/www.archenoah-finnentrop.de\/wp-content\/uploads\/0003-768x575.jpg 768w, https:\/\/www.archenoah-finnentrop.de\/wp-content\/uploads\/0003.jpg 925w\" sizes=\"auto, (max-width: 300px) 100vw, 300px\" \/><\/a><\/p>\n<p style=\"text-align: center;\"><strong>&#8211; Zusammenarbeit mit den Familien<\/strong><\/p>\n<p><a href=\"https:\/\/www.archenoah-finnentrop.de\/wp-content\/uploads\/0004.jpg\"><img loading=\"lazy\" decoding=\"async\" class=\"alignnone size-medium wp-image-592 aligncenter\" src=\"https:\/\/www.archenoah-finnentrop.de\/wp-content\/uploads\/0004-300x225.jpg\" alt=\"\" width=\"300\" height=\"225\" srcset=\"https:\/\/www.archenoah-finnentrop.de\/wp-content\/uploads\/0004-300x225.jpg 300w, https:\/\/www.archenoah-finnentrop.de\/wp-content\/uploads\/0004-768x575.jpg 768w, https:\/\/www.archenoah-finnentrop.de\/wp-content\/uploads\/0004.jpg 925w\" sizes=\"auto, (max-width: 300px) 100vw, 300px\" \/><\/a><\/p>\n<p>Wir sind dem Verbund der Stadt L\u00fcdenscheid angeschlossen, dem au\u00dfer uns noch 14 weitere Einrichtungen angeh\u00f6ren. Frau Eva Rahm steht uns als qualifizierte Fachberatung zur Seite und zeigt sich f\u00fcr die kontinuierliche Prozessbegleitung des Bundesprogramms verantwortlich. Sie f\u00fchrt die regelm\u00e4\u00dfigen Verbundtreffen und die Qualifizierungstage f\u00fcr die Einrichtungsleitung und f\u00fcr die Sprachfachkr\u00e4fte durch.<\/p>\n","protected":false},"excerpt":{"rendered":"<p>In unserer Sprach-Kita werden die erfolgreichen Ans\u00e4tze des Bundesprogramm Fr\u00fche Chancen \u201eSchwerpunkt- Kitas- Sprache und Integration\u201c (2011-2015) durch das neue BUNDESPROGRAMM SPRACH-KITA: WEIL SPRACHE DER SCHL\u00dcSSEL ZUR WELT IST seit Januar 2016 fortgef\u00fchrt. Auf sprachliche Bildung wird in unserem Kita-Alltag [&hellip;]<\/p>\n","protected":false},"author":1,"featured_media":0,"parent":367,"menu_order":0,"comment_status":"closed","ping_status":"closed","template":"template-home.php","meta":{"footnotes":""},"class_list":["post-588","page","type-page","status-publish","hentry","","index.php?rest_route=%2Fwp%2Fv2%2Fpages%2F588"],"_links":{"self":[{"href":"https:\/\/www.archenoah-finnentrop.de\/index.php?rest_route=\/wp\/v2\/pages\/588","targetHints":{"allow":["GET"]}}],"collection":[{"href":"https:\/\/www.archenoah-finnentrop.de\/index.php?rest_route=\/wp\/v2\/pages"}],"about":[{"href":"https:\/\/www.archenoah-finnentrop.de\/index.php?rest_route=\/wp\/v2\/types\/page"}],"author":[{"embeddable":true,"href":"https:\/\/www.archenoah-finnentrop.de\/index.php?rest_route=\/wp\/v2\/users\/1"}],"replies":[{"embeddable":true,"href":"https:\/\/www.archenoah-finnentrop.de\/index.php?rest_route=%2Fwp%2Fv2%2Fcomments&post=588"}],"version-history":[{"count":5,"href":"https:\/\/www.archenoah-finnentrop.de\/index.php?rest_route=\/wp\/v2\/pages\/588\/revisions"}],"predecessor-version":[{"id":608,"href":"https:\/\/www.archenoah-finnentrop.de\/index.php?rest_route=\/wp\/v2\/pages\/588\/revisions\/608"}],"up":[{"embeddable":true,"href":"https:\/\/www.archenoah-finnentrop.de\/index.php?rest_route=\/wp\/v2\/pages\/367"}],"wp:attachment":[{"href":"https:\/\/www.archenoah-finnentrop.de\/index.php?rest_route=%2Fwp%2Fv2%2Fmedia&parent=588"}],"curies":[{"name":"wp","href":"https:\/\/api.w.org\/{rel}","templated":true}]}}