{"id":57,"date":"2012-05-28T02:02:47","date_gmt":"2012-05-28T02:02:47","guid":{"rendered":"http:\/\/tf.dtbaker.com.au\/wordpress\/child_care_creative2\/?page_id=57"},"modified":"2026-03-26T14:28:34","modified_gmt":"2026-03-26T12:28:34","slug":"about","status":"publish","type":"page","link":"https:\/\/www.archenoah-finnentrop.de\/?page_id=57","title":{"rendered":"Kindergarten Team"},"content":{"rendered":"<p style=\"text-align: left;\">Eine konstruktive Zusammenarbeit im Team ist uns sehr wichtig. Wir sehen uns in einer Gemeinschaft mit gleichem Ziel.<br \/>\nGegenseitiges Vertrauen und Verl\u00e4sslichkeit ist f\u00fcr uns von gro\u00dfer Bedeutung. Erst diese gew\u00e4hrleistet eine sch\u00f6pferische und fruchtbare p\u00e4dagogische Arbeit.<\/p>\n<p><strong>Das p\u00e4dagogische Team stellt sich vor:<\/strong><\/p>\n<p>&nbsp;<\/p>\n<table style=\"width: 100%; height: 3923px;\" border=\"0\">\n<tbody>\n<tr style=\"height: 197px;\" valign=\"top\">\n<td style=\"height: 197px; width: 19.6364%;\"><a href=\"https:\/\/www.archenoah-finnentrop.de\/wp-content\/uploads\/irmhild_mesletzky_beckmann.jpg\"><img loading=\"lazy\" decoding=\"async\" class=\"alignnone size-full wp-image-220\" src=\"https:\/\/www.archenoah-finnentrop.de\/wp-content\/uploads\/irmhild_mesletzky_beckmann.jpg\" alt=\"irmhild_mesletzky_beckmann\" width=\"120\" height=\"140\" \/><\/a><\/td>\n<td style=\"height: 197px; width: 60%;\"><strong>Irmhild Mesletzky-Beckmann<\/strong><br \/>\ngeb.: 02. Dezember 1962<br \/>\n<strong>Beruf:<\/strong>\u00a0staatlich anerkannte Erzieherin<br \/>\n<strong>Ausbildung:<\/strong>\u00a0Fachschule f\u00fcr Sozialp\u00e4dagogik, Olpe<br \/>\n<strong>Staatl. Anerkennung:<\/strong>\u00a0 Juli 1983<br \/>\nseit August 1984 in der Arche Noah<br \/>\n<strong>Position:<\/strong> Fachkraft und Leitung mit 39 Wochenstunden<\/td>\n<td style=\"height: 197px; width: 20.3636%;\"><strong>Leitung:<\/strong><br \/>\nTel: 02721-70805<\/td>\n<\/tr>\n<tr style=\"height: 212px;\" valign=\"top\">\n<td style=\"height: 212px; width: 19.6364%;\"><a href=\"https:\/\/www.archenoah-finnentrop.de\/wp-content\/uploads\/silke_blumroth.jpg\"><br \/>\n<\/a><a href=\"https:\/\/www.archenoah-finnentrop.de\/wp-content\/uploads\/Tatjana134-rotated.jpg\"><img loading=\"lazy\" decoding=\"async\" class=\"alignnone wp-image-869 size-full\" src=\"https:\/\/www.archenoah-finnentrop.de\/wp-content\/uploads\/Tatjana134-rotated.jpg\" alt=\"\" width=\"134\" height=\"174\" \/><\/a><\/td>\n<td style=\"height: 212px; width: 60%;\"><strong><br \/>\nTatjana Wach<\/strong><br \/>\ngeb.: 17. Juli 1996<br \/>\n<strong>Beruf:<\/strong>\u00a0staatlich anerkannte Erzieherin<br \/>\n<strong>Ausbildung:<\/strong>\u00a0Fachschule f\u00fcr Sozialp\u00e4dagogik, Olpe<br \/>\n<strong>Staatl. Anerkennung:<\/strong>\u00a0 Juli 2024<br \/>\nseit August 2024 in der Arche Noah<br \/>\n<strong>Position:<\/strong> Fachkraft und integrative Zusatzkraft mit 39 Wochenstunden<br \/>\n<strong><br \/>\n<\/strong><\/td>\n<td style=\"height: 212px; width: 20.3636%;\"><strong>L\u00f6wengruppe<br \/>\n<\/strong>02721-6028872<\/td>\n<\/tr>\n<tr style=\"height: 212px;\" valign=\"top\">\n<td style=\"height: 212px; width: 19.6364%;\"><a href=\"https:\/\/www.archenoah-finnentrop.de\/wp-content\/uploads\/JenniferHabbel.jpg\"><br \/>\n<\/a><a href=\"https:\/\/www.archenoah-finnentrop.de\/wp-content\/uploads\/JenniferHabbel.jpg\"><img loading=\"lazy\" decoding=\"async\" class=\"alignnone wp-image-848\" src=\"https:\/\/www.archenoah-finnentrop.de\/wp-content\/uploads\/JenniferHabbel-150x150.jpg\" alt=\"\" width=\"120\" height=\"148\" srcset=\"https:\/\/www.archenoah-finnentrop.de\/wp-content\/uploads\/JenniferHabbel-243x300.jpg 243w, https:\/\/www.archenoah-finnentrop.de\/wp-content\/uploads\/JenniferHabbel-829x1024.jpg 829w, https:\/\/www.archenoah-finnentrop.de\/wp-content\/uploads\/JenniferHabbel-768x948.jpg 768w, https:\/\/www.archenoah-finnentrop.de\/wp-content\/uploads\/JenniferHabbel-1244x1536.jpg 1244w, https:\/\/www.archenoah-finnentrop.de\/wp-content\/uploads\/JenniferHabbel-300x370.jpg 300w, https:\/\/www.archenoah-finnentrop.de\/wp-content\/uploads\/JenniferHabbel.jpg 1531w\" sizes=\"auto, (max-width: 120px) 100vw, 120px\" \/><\/a><\/td>\n<td style=\"height: 212px; width: 60%;\"><strong><br \/>\nJennifer Habbel<\/strong><br \/>\ngeb.: 18. Dezember 1990<br \/>\n<strong>Beruf:<\/strong>\u00a0staatlich anerkannte Erzieherin<br \/>\n<strong>Ausbildung:<\/strong>\u00a0Fachschule f\u00fcr Sozialp\u00e4dagogik, Olpe<br \/>\n<strong>Staatl. Anerkennung:<\/strong>\u00a0 Juli 2012<br \/>\nseit Februar 2024 in der Arche Noah<br \/>\n<strong>Position:<\/strong> Fachkraft mit 20 Wochenstunden<\/td>\n<td style=\"height: 212px; width: 20.3636%;\"><\/td>\n<\/tr>\n<tr style=\"height: 212px;\" valign=\"top\">\n<td style=\"height: 212px; width: 19.6364%;\"><a href=\"https:\/\/www.archenoah-finnentrop.de\/wp-content\/uploads\/HelenaDrexelius.jpg\"><br \/>\n<img loading=\"lazy\" decoding=\"async\" class=\"alignnone size-full wp-image-221\" src=\"https:\/\/www.archenoah-finnentrop.de\/wp-content\/uploads\/HelenaDrexelius.jpg\" alt=\"helena_drexelius\" width=\"120\" height=\"140\" \/><\/a><\/td>\n<td style=\"height: 212px; width: 60%;\"><strong><br \/>\nHelena Ebermann (z.Zt. in Elternzeit)<\/strong><br \/>\ngeb.: 18. August 1994<br \/>\n<strong>Beruf:<\/strong>\u00a0staatlich anerkannte Erzieherin<br \/>\n<strong>Ausbildung:<\/strong>\u00a0Fachschule f\u00fcr Sozialp\u00e4dagogik, Plettenberg<br \/>\n<strong>Staatl. Anerkennung:<\/strong>\u00a0 Juli 2017<br \/>\nseit August 2017 in der Arche Noah<br \/>\n<strong>Position:<\/strong> Fachkraft mit 39 Wochenstunden<br \/>\n<strong>Weiterbildungen:<\/strong><br \/>\n&#8211; seit 2018 Sprachentwicklungsexpertin<br \/>\n&#8211; seit Juni 2021 Integrationsfachkraft<\/td>\n<td style=\"height: 212px; width: 20.3636%;\"><strong><br \/>\nB\u00e4rengruppe<br \/>\n02721-6028873<\/strong><\/td>\n<\/tr>\n<tr style=\"height: 212px;\" valign=\"top\">\n<td style=\"height: 212px; width: 19.6364%;\"><a href=\"https:\/\/www.archenoah-finnentrop.de\/wp-content\/uploads\/thea_klauke.jpg\"><br \/>\n<\/a><a href=\"https:\/\/www.archenoah-finnentrop.de\/wp-content\/uploads\/thea_klauke.jpg\"><img loading=\"lazy\" decoding=\"async\" class=\"alignnone size-full wp-image-222\" src=\"https:\/\/www.archenoah-finnentrop.de\/wp-content\/uploads\/thea_klauke.jpg\" alt=\"thea_klauke\" width=\"120\" height=\"140\" \/><\/a><a href=\"https:\/\/www.archenoah-finnentrop.de\/wp-content\/uploads\/veronika_denkewitz.jpg\"><br \/>\n<\/a><\/td>\n<td style=\"height: 212px; width: 60%;\"><strong><br \/>\nThea Klauke<\/strong><br \/>\ngeb.: 08. August 1954<br \/>\n<strong>Beruf:<\/strong>\u00a0staatlich anerkannte Erzieherin<br \/>\n<strong>Ausbildung:<\/strong> Fachschule f\u00fcr Sozialp\u00e4dagogik, Olpe<br \/>\n<strong>Staatl. Anerkennung:<\/strong> Juli 1977<br \/>\nseit April 2011 in der Arche Noah<br \/>\n<strong>Position:<\/strong><br \/>\nFachkraft mit 30 Wochenstunden,<br \/>\n<strong>Weiterbildungen:<\/strong><br \/>\nseit 2004 Bewegungsp\u00e4dagogin<br \/>\nseit 2006 Entspannungsp\u00e4dagogin<br \/>\nseit 2007 Psychologische Beraterin<br \/>\nseit Juli 2019 Motop\u00e4din<br \/>\nseit M\u00e4rz 2020 Neurokinetik-Trainerin<\/td>\n<td >\n&nbsp;<\/td>\n<\/tr>\n<tr style=\"height: 197px;\" valign=\"top\">\n<td style=\"height: 197px; width: 19.6364%;\">\u00a0<img decoding=\"async\" src=\"https:\/\/www.archenoah-finnentrop.de\/wp-content\/uploads\/Rominavan-Lengen.jpg\" \/><\/td>\n<td style=\"height: 197px; width: 60%;\"><strong><strong>Romina van Lengen<\/strong><br \/>\n<\/strong>geb.: 03.\u00a0M\u00e4rz 1997<strong><br \/>\n<strong>Beruf:<\/strong>\u00a0<\/strong>Kinderpflegerin<strong><br \/>\n<strong>Ausbildung:<\/strong>\u00a0<\/strong>Fachschule f\u00fcr Sozialp\u00e4dagogik,\u00a0Olpe<strong><br \/>\n<strong>Staatl. Anerkennung:<\/strong>\u00a0\u00a0<\/strong>\u00a0Juli 2017<strong><br \/>\n<\/strong>seit August 2017 in der Arche Noah<strong><br \/>\n<strong>Position:<\/strong><br \/>\n<\/strong>Erg\u00e4nzungskraft mit 39 Wochenstunden<\/td>\n<td style=\"height: 197px; width: 20.3636%;\"><\/td>\n<\/tr>\n<tr style=\"height: 197px;\" valign=\"top\">\n<td style=\"height: 197px; width: 19.6364%;\">\u00a0<img decoding=\"async\" src=\"https:\/\/www.archenoah-finnentrop.de\/wp-content\/uploads\/elena2.jpg\" width=\"120\" \/><\/td>\n<td style=\"height: 197px; width: 60%;\"><strong><strong>Elena Wolf<\/strong><br \/>\n<\/strong>geb.: 04.\u00a0August 1992<strong><br \/>\n<strong>Beruf:<\/strong>\u00a0<\/strong>staatlich gepr\u00fcfte Erzieherin<strong><br \/>\n<strong>Ausbildung:<\/strong>\u00a0<\/strong>Fachschule f\u00fcr Sozialp\u00e4dagogik,\u00a0Olpe<strong><br \/>\n<\/strong>seit September 2025 in der Arche Noah<strong><br \/>\n<strong>Position:<\/strong><br \/>\n<\/strong>Fachkraft mit 18 Wochenstunden<\/td>\n<td style=\"height: 197px; width: 20.3636%;\"><\/td>\n<\/tr>\n<tr style=\"height: 212px;\" valign=\"top\">\n<td style=\"height: 212px; width: 19.6364%;\"><a href=\"https:\/\/www.archenoah-finnentrop.de\/wp-content\/uploads\/ramona_helmig.jpg\"><br \/>\n<img loading=\"lazy\" decoding=\"async\" class=\"alignnone size-full wp-image-232\" src=\"https:\/\/www.archenoah-finnentrop.de\/wp-content\/uploads\/ramona_helmig.jpg\" alt=\"ramona_helmig\" width=\"120\" height=\"140\" \/><\/a><\/td>\n<td style=\"height: 212px; width: 60%;\"><strong><br \/>\nRamona Helmig<\/strong><br \/>\ngeb.: 01. Februar 1979<br \/>\n<strong>Beruf:<\/strong>\u00a0staatlich anerkannte Erzieherin<br \/>\n<strong>Ausbildung:<\/strong>\u00a0Fachschule f\u00fcr Sozialp\u00e4dagogik, Olpe<br \/>\n<strong>Staatl. Anerkennung:<\/strong>\u00a0 Juli 1999<br \/>\nseit August 1999 in der Arche Noah<br \/>\n<strong>Position:<\/strong> Fachkraft und stellvertretende Leitung mit 33 Wochenstunden<\/td>\n<td style=\"height: 212px; width: 20.3636%;\"><strong>M\u00e4usegruppe<\/strong><br \/>\n02721-6028874<\/td>\n<\/tr>\n<tr style=\"height: 212px;\" valign=\"top\">\n<td style=\"height: 212px; width: 19.6364%;\"><a href=\"https:\/\/www.archenoah-finnentrop.de\/wp-content\/uploads\/Charline-Droste.jpg\"><img loading=\"lazy\" decoding=\"async\" class=\"alignnone wp-image-825\" src=\"https:\/\/www.archenoah-finnentrop.de\/wp-content\/uploads\/Charline-Droste-200x300.jpg\" alt=\"\" width=\"120\" height=\"180\" srcset=\"https:\/\/www.archenoah-finnentrop.de\/wp-content\/uploads\/Charline-Droste-200x300.jpg 200w, https:\/\/www.archenoah-finnentrop.de\/wp-content\/uploads\/Charline-Droste-682x1024.jpg 682w, https:\/\/www.archenoah-finnentrop.de\/wp-content\/uploads\/Charline-Droste-768x1153.jpg 768w, https:\/\/www.archenoah-finnentrop.de\/wp-content\/uploads\/Charline-Droste-1023x1536.jpg 1023w, https:\/\/www.archenoah-finnentrop.de\/wp-content\/uploads\/Charline-Droste-300x450.jpg 300w, https:\/\/www.archenoah-finnentrop.de\/wp-content\/uploads\/Charline-Droste.jpg 1066w\" sizes=\"auto, (max-width: 120px) 100vw, 120px\" \/><\/a><\/td>\n<td style=\"height: 212px; width: 60%;\"><strong><strong><br \/>\nCharline Droste<\/strong><br \/>\n<\/strong>geb.: 26. Oktober 1999<strong><br \/>\n<strong>Beruf:<\/strong>\u00a0<\/strong>Kinderpflegerin<strong><br \/>\n<strong>Ausbildung:<\/strong>\u00a0<\/strong>Fachschule f\u00fcr Sozialp\u00e4dagogik, Olpe<strong><br \/>\n<strong>Staatl. Anerkennung:<\/strong> <\/strong>Juni 2020<strong><br \/>\n<\/strong>seit September 2020 in der Arche Noah<strong><br \/>\n<strong>Position:<\/strong>\u00a0<\/strong>Erg\u00e4nzungskraft mit 39 Wochenstunden<\/td>\n<td style=\"height: 212px; width: 20.3636%;\"><\/td>\n<\/tr>\n<tr style=\"height: 212px;\" valign=\"top\">\n<td style=\"height: 212px; width: 19.6364%;\"><a href=\"https:\/\/www.archenoah-finnentrop.de\/wp-content\/uploads\/MareikeLoehr-scaled.jpg\"><img loading=\"lazy\" decoding=\"async\" class=\"alignnone wp-image-850\" src=\"https:\/\/www.archenoah-finnentrop.de\/wp-content\/uploads\/MareikeLoehr-205x300.jpg\" alt=\"\" width=\"120\" height=\"175\" srcset=\"https:\/\/www.archenoah-finnentrop.de\/wp-content\/uploads\/MareikeLoehr-205x300.jpg 205w, https:\/\/www.archenoah-finnentrop.de\/wp-content\/uploads\/MareikeLoehr-701x1024.jpg 701w, https:\/\/www.archenoah-finnentrop.de\/wp-content\/uploads\/MareikeLoehr-768x1122.jpg 768w, https:\/\/www.archenoah-finnentrop.de\/wp-content\/uploads\/MareikeLoehr-1051x1536.jpg 1051w, https:\/\/www.archenoah-finnentrop.de\/wp-content\/uploads\/MareikeLoehr-1402x2048.jpg 1402w, https:\/\/www.archenoah-finnentrop.de\/wp-content\/uploads\/MareikeLoehr-300x438.jpg 300w, https:\/\/www.archenoah-finnentrop.de\/wp-content\/uploads\/MareikeLoehr-scaled.jpg 1752w\" sizes=\"auto, (max-width: 120px) 100vw, 120px\" \/><\/a><\/td>\n<td style=\"height: 212px; width: 60%;\"><strong><strong><br \/>\nMareike L\u00f6hr<\/strong><br \/>\n<\/strong>geb.: 18. August 1983<strong><br \/>\n<strong>Beruf:<\/strong>\u00a0<\/strong>Staatlich anerkannte Erzieherin<strong><br \/>\n<strong>Ausbildung:<\/strong>\u00a0<\/strong>Fachschule f\u00fcr Sozialp\u00e4dagogik, Olpe<strong><br \/>\n<strong>Staatl. Anerkennung:<\/strong>\u00a0 Juli<\/strong> 2004<strong><br \/>\n<\/strong>seit Oktober 2023 in der Arche Noah<strong><br \/>\n<strong>Position:<\/strong>\u00a0<\/strong>Fachkraft mit 22 Wochenstunden<\/td>\n<td style=\"height: 212px; width: 20.3636%;\"><\/td>\n<\/tr>\n<tr style=\"height: 212px;\" valign=\"top\">\n<td style=\"height: 212px; width: 19.6364%;\"><a href=\"https:\/\/www.archenoah-finnentrop.de\/wp-content\/uploads\/Lukas134.jpg\"><br \/>\n<\/a><a href=\"https:\/\/www.archenoah-finnentrop.de\/wp-content\/uploads\/Lukas134.jpg\"><img loading=\"lazy\" decoding=\"async\" class=\"alignnone wp-image-871 size-full\" src=\"https:\/\/www.archenoah-finnentrop.de\/wp-content\/uploads\/Lukas134.jpg\" alt=\"\" width=\"134\" height=\"185\" \/><\/a><\/td>\n<td style=\"height: 212px; width: 60%;\"><strong><br \/>\nLukas Steinberg<\/strong><br \/>\ngeb.: 13.Mai.1994<br \/>\n<strong>Beruf:<\/strong> Heilerziehungspfleger<br \/>\n<strong>Ausbildung:<\/strong> Gertrud B\u00e4umer Berufskolleg, L\u00fcdenscheid<br \/>\n<strong>Staatl. Anerkennung:<\/strong>\u00a0 Juli 2018<br \/>\nseit Juli 2024 in der Arche Noah<br \/>\n<strong>Position:<\/strong>\u00a0Fachkraft mit 39 Wochenstunden<\/td>\n<td style=\"height: 212px; width: 20.3636%;\"><strong><br \/>\nFl\u00f6he<\/strong><br \/>\n02721-7156609<\/td>\n<\/tr>\n<tr style=\"height: 212px;\" valign=\"top\">\n<td style=\"height: 212px; width: 19.6364%;\"><a href=\"\"><br \/>\n<\/a><\/a><\/td>\n<td style=\"height: 212px; width: 60%;\"><strong><br \/>\nMandy Joanne Bentke<\/strong><br \/>\ngeb.: 15.April.2005<br \/>\n<strong>Beruf:<\/strong> staatlich anerkannte Erzieherin<br \/>\n<strong>Ausbildung:<\/strong> Fachschule f\u00fcr Sozialp\u00e4dagogik, Olpe<br \/>\n<strong>Staatl. Anerkennung:<\/strong>\u00a0 Juli 2025<br \/>\nseit August 2024 in der Arche Noah<br \/>\n<strong>Position:<\/strong>\u00a0Fachkraft mit 39 Wochenstunden<\/td>\n<td style=\"height: 212px; width: 20.3636%;\"><\/td>\n<\/tr>\n<\/tbody>\n<\/table>\n<p>&nbsp;<\/p>\n","protected":false},"excerpt":{"rendered":"<p>Eine konstruktive Zusammenarbeit im Team ist uns sehr wichtig. Wir sehen uns in einer Gemeinschaft mit gleichem Ziel. Gegenseitiges Vertrauen und Verl\u00e4sslichkeit ist f\u00fcr uns von gro\u00dfer Bedeutung. Erst diese gew\u00e4hrleistet eine sch\u00f6pferische und fruchtbare p\u00e4dagogische Arbeit. Das p\u00e4dagogische Team [&hellip;]<\/p>\n","protected":false},"author":1,"featured_media":0,"parent":0,"menu_order":0,"comment_status":"closed","ping_status":"closed","template":"","meta":{"footnotes":""},"class_list":["post-57","page","type-page","status-publish","hentry","","index.php?rest_route=%2Fwp%2Fv2%2Fpages%2F57"],"_links":{"self":[{"href":"https:\/\/www.archenoah-finnentrop.de\/index.php?rest_route=\/wp\/v2\/pages\/57","targetHints":{"allow":["GET"]}}],"collection":[{"href":"https:\/\/www.archenoah-finnentrop.de\/index.php?rest_route=\/wp\/v2\/pages"}],"about":[{"href":"https:\/\/www.archenoah-finnentrop.de\/index.php?rest_route=\/wp\/v2\/types\/page"}],"author":[{"embeddable":true,"href":"https:\/\/www.archenoah-finnentrop.de\/index.php?rest_route=\/wp\/v2\/users\/1"}],"replies":[{"embeddable":true,"href":"https:\/\/www.archenoah-finnentrop.de\/index.php?rest_route=%2Fwp%2Fv2%2Fcomments&post=57"}],"version-history":[{"count":65,"href":"https:\/\/www.archenoah-finnentrop.de\/index.php?rest_route=\/wp\/v2\/pages\/57\/revisions"}],"predecessor-version":[{"id":912,"href":"https:\/\/www.archenoah-finnentrop.de\/index.php?rest_route=\/wp\/v2\/pages\/57\/revisions\/912"}],"wp:attachment":[{"href":"https:\/\/www.archenoah-finnentrop.de\/index.php?rest_route=%2Fwp%2Fv2%2Fmedia&parent=57"}],"curies":[{"name":"wp","href":"https:\/\/api.w.org\/{rel}","templated":true}]}}