{"id":390,"date":"2013-04-23T12:09:31","date_gmt":"2013-04-23T10:09:31","guid":{"rendered":"http:\/\/archenoah-finnentrop.de\/?page_id=390"},"modified":"2013-05-03T08:22:03","modified_gmt":"2013-05-03T06:22:03","slug":"u3-betreuung","status":"publish","type":"page","link":"https:\/\/www.archenoah-finnentrop.de\/?page_id=390","title":{"rendered":"U3 &#8211; Betreuung"},"content":{"rendered":"<h1>\u00a0U3 &#8211; Betreuung<\/h1>\n<p>&nbsp;<\/p>\n<p>Aufgrund von gesellschaftlichen Ver\u00e4nderungen und famili\u00e4ren Bed\u00fcrfnissen<br \/>\nwerden immer mehr Kinder unter drei Jahren in Tageseinrichtungen f\u00fcr Kinder betreut. Wir nehmen seit Oktober 2010 Kinder unter drei Jahren in unserer Einrichtung auf. Um den Kindern optimale Bedingungen bieten zu k\u00f6nnen haben wir eine komplette U3 Gruppe angebaut. Diese R\u00e4umlichkeiten konnten im Januar 2011 bezogen werden. Den Kleinstkindern stehen ein gro\u00dfz\u00fcgiger Gruppenraum, ein Nebenraum mit einem Spielhaus, ein Ruheraum, in dem jedes Kind ein eigenes Bett hat, ein Waschraum mit einem Wickeltisch und ein Flur mit Garderobe zur Verf\u00fcgung.<\/p>\n<p style=\"text-align: center;\"><em>\u201eEin Kind, das durch selbst\u00e4ndige Experimente etwas erreicht,<\/em><\/p>\n<p style=\"text-align: center;\"><em>erwirbt ein ganz anderes Wissen als eines,<\/em><br \/>\n<em>dem die L\u00f6sungen geboten werden.\u201c<\/em><br \/>\n<em>(Emmi Pikler, Kinder\u00e4rztin und Kleinkindp\u00e4dagogin)<\/em><\/p>\n<p>Die fr\u00fchkindliche Erziehung ist in erster Linie Selbstbildung. Kinder entwickeln und konstruieren dabei eigene Strukturen, mit denen sie sich ihre soziale, sachliche und geistige Umwelt erschlie\u00dfen. Uns ist wichtig, diese Eigeninitiative des Kleinstkindes zu begleiten und unterst\u00fctzen. Wir f\u00f6rdern jedes Kind ganz individuell in seinen St\u00e4rken und Schw\u00e4chen in den einzelnen Bildungsbereichen.<\/p>\n<p>Der Tagesablauf orientiert sich an den individuellen Bed\u00fcrfnissen der Kinder. Rituale wie Begr\u00fc\u00dfungs- und Abschiedslied und ein gemeinsames Fr\u00fchst\u00fcck helfen den Kleinstkindern sich schnell im Kindergarten heimisch zu f\u00fchlen und bietet ihnen eine Orientierung im Alltag. Au\u00dferdem gibt es den Kindern ein Gef\u00fchl der Zugeh\u00f6rigkeit.<\/p>\n<p><strong>Die Betreuung von Kindern unter 3 Jahren bedeutet<\/strong><\/p>\n<p><strong>f\u00fcr die Eltern:<\/strong><\/p>\n<ul>\n<li>Mitverantwortung und Mitwirken in der Eingew\u00f6hnungsphase<\/li>\n<li>eine vertrauensvolle und offene Bildung- und Erziehungspartnerschaft mit den Erzieherinnen<\/li>\n<\/ul>\n<p><strong>f\u00fcr das Kind:<br \/>\n<\/strong><\/p>\n<ul>\n<li>eine individuelle Eingew\u00f6hnungsphase nach dem &#8222;Berliner Eingew\u00f6hnungsmodell&#8220;<\/li>\n<li>eine sichere Bezugs- und Bildungsperson<\/li>\n<li>die Versorgung der Grundbed\u00fcrfnisse<\/li>\n<li>ein speziell auf die Bed\u00fcrfnisse von Kleinstkindern abgestimmtes Raumkonzept<\/li>\n<\/ul>\n<p><strong>f\u00fcr die p\u00e4dagogischen Fachkr\u00e4fte:<\/strong><\/p>\n<ul>\n<li>einen intensiven Beziehungsaufbau zum Kind<\/li>\n<li>regelm\u00e4\u00dfigen Austausch mit den Eltern<\/li>\n<li>das Kind ernst zu nehmen und zu verstehen<\/li>\n<li>dem Kleinstkind Material anbieten, das zum Experimentieren, Erforschen und Entdecken einl\u00e4dt<\/li>\n<li>dem Kind eine Umgebung zu schaffen, in der es sich wohl f\u00fchlen kann<\/li>\n<li>fachliche Kompetenz und zus\u00e4tzliche Weiterbildung im Bereich der Kleinstkindp\u00e4dagogik<\/li>\n<li>Anfertigen einer Bildungsdokumentation f\u00fcr jedes Kleinstkind<\/li>\n<\/ul>\n<p><em>Bei weiteren Fragen zur U3 Betreuung stehen wir Ihnen gerne zur Verf\u00fcgung.<\/em><br \/>\n<em>Wir freuen uns auf Ihren Besuch.<\/em><\/p>\n<p><a href=\"https:\/\/www.archenoah-finnentrop.de\/wp-content\/uploads\/U3_1.jpg\"><img loading=\"lazy\" decoding=\"async\" class=\"alignnone  wp-image-427\" alt=\"U3_1\" src=\"https:\/\/www.archenoah-finnentrop.de\/wp-content\/uploads\/U3_1.jpg\" width=\"203\" height=\"270\" srcset=\"https:\/\/www.archenoah-finnentrop.de\/wp-content\/uploads\/U3_1.jpg 225w, https:\/\/www.archenoah-finnentrop.de\/wp-content\/uploads\/U3_1-27x36.jpg 27w, https:\/\/www.archenoah-finnentrop.de\/wp-content\/uploads\/U3_1-67x90.jpg 67w, https:\/\/www.archenoah-finnentrop.de\/wp-content\/uploads\/U3_1-112x150.jpg 112w, https:\/\/www.archenoah-finnentrop.de\/wp-content\/uploads\/U3_1-24x32.jpg 24w\" sizes=\"auto, (max-width: 203px) 100vw, 203px\" \/><\/a> <a href=\"https:\/\/www.archenoah-finnentrop.de\/wp-content\/uploads\/U3_2.jpg\"><img loading=\"lazy\" decoding=\"async\" class=\" wp-image-428 alignnone\" alt=\"U3_2\" src=\"https:\/\/www.archenoah-finnentrop.de\/wp-content\/uploads\/U3_2.jpg\" width=\"360\" height=\"270\" srcset=\"https:\/\/www.archenoah-finnentrop.de\/wp-content\/uploads\/U3_2.jpg 400w, https:\/\/www.archenoah-finnentrop.de\/wp-content\/uploads\/U3_2-300x225.jpg 300w, https:\/\/www.archenoah-finnentrop.de\/wp-content\/uploads\/U3_2-36x27.jpg 36w, https:\/\/www.archenoah-finnentrop.de\/wp-content\/uploads\/U3_2-90x67.jpg 90w, https:\/\/www.archenoah-finnentrop.de\/wp-content\/uploads\/U3_2-150x112.jpg 150w, https:\/\/www.archenoah-finnentrop.de\/wp-content\/uploads\/U3_2-32x24.jpg 32w\" sizes=\"auto, (max-width: 360px) 100vw, 360px\" \/><\/a><\/p>\n<p><a href=\"https:\/\/www.archenoah-finnentrop.de\/wp-content\/plugins\/download-monitor\/download.php?id=6\" target=\"_new\">U3 Eingew\u00f6hnung PDF<\/a><\/p>\n","protected":false},"excerpt":{"rendered":"<p>\u00a0U3 &#8211; Betreuung &nbsp; Aufgrund von gesellschaftlichen Ver\u00e4nderungen und famili\u00e4ren Bed\u00fcrfnissen werden immer mehr Kinder unter drei Jahren in Tageseinrichtungen f\u00fcr Kinder betreut. Wir nehmen seit Oktober 2010 Kinder unter drei Jahren in unserer Einrichtung auf. Um den Kindern optimale [&hellip;]<\/p>\n","protected":false},"author":1,"featured_media":0,"parent":0,"menu_order":0,"comment_status":"open","ping_status":"open","template":"template-home.php","meta":{"footnotes":""},"class_list":["post-390","page","type-page","status-publish","hentry","","index.php?rest_route=%2Fwp%2Fv2%2Fpages%2F390"],"_links":{"self":[{"href":"https:\/\/www.archenoah-finnentrop.de\/index.php?rest_route=\/wp\/v2\/pages\/390","targetHints":{"allow":["GET"]}}],"collection":[{"href":"https:\/\/www.archenoah-finnentrop.de\/index.php?rest_route=\/wp\/v2\/pages"}],"about":[{"href":"https:\/\/www.archenoah-finnentrop.de\/index.php?rest_route=\/wp\/v2\/types\/page"}],"author":[{"embeddable":true,"href":"https:\/\/www.archenoah-finnentrop.de\/index.php?rest_route=\/wp\/v2\/users\/1"}],"replies":[{"embeddable":true,"href":"https:\/\/www.archenoah-finnentrop.de\/index.php?rest_route=%2Fwp%2Fv2%2Fcomments&post=390"}],"version-history":[{"count":9,"href":"https:\/\/www.archenoah-finnentrop.de\/index.php?rest_route=\/wp\/v2\/pages\/390\/revisions"}],"predecessor-version":[{"id":425,"href":"https:\/\/www.archenoah-finnentrop.de\/index.php?rest_route=\/wp\/v2\/pages\/390\/revisions\/425"}],"wp:attachment":[{"href":"https:\/\/www.archenoah-finnentrop.de\/index.php?rest_route=%2Fwp%2Fv2%2Fmedia&parent=390"}],"curies":[{"name":"wp","href":"https:\/\/api.w.org\/{rel}","templated":true}]}}