{"id":273,"date":"2013-02-28T16:37:59","date_gmt":"2013-02-28T14:37:59","guid":{"rendered":"http:\/\/beta.archenoah-finnentrop.de\/?page_id=273"},"modified":"2013-04-23T12:23:37","modified_gmt":"2013-04-23T10:23:37","slug":"padagogische-ziele-2","status":"publish","type":"page","link":"https:\/\/www.archenoah-finnentrop.de\/?page_id=273","title":{"rendered":"P\u00e4dagogische Ziele"},"content":{"rendered":"<h1>Paedagogische Ziele<\/h1>\n<p>&nbsp;<\/p>\n<div class=\"full_banner\" id=\"banner_\">\n        <span class=\"content\">\u201eWir schaffen eine Umgebung, in der sich jedes Kind\u00a0wohlf\u00fchlt!\u201c <\/span>\n    <\/div>\n\n<table border=\"0\">\n<tbody>\n<tr valign=\"top\">\n<td style=\"width: 152px;\"><a href=\"https:\/\/www.archenoah-finnentrop.de\/wp-content\/uploads\/Fotolia_45387445_S.jpg\"><img loading=\"lazy\" decoding=\"async\" class=\"alignnone size-thumbnail wp-image-320\" alt=\"kiddies im laub\" src=\"https:\/\/www.archenoah-finnentrop.de\/wp-content\/uploads\/Fotolia_45387445_S-150x150.jpg\" width=\"150\" height=\"150\" srcset=\"https:\/\/www.archenoah-finnentrop.de\/wp-content\/uploads\/Fotolia_45387445_S-150x150.jpg 150w, https:\/\/www.archenoah-finnentrop.de\/wp-content\/uploads\/Fotolia_45387445_S-146x146.jpg 146w\" sizes=\"auto, (max-width: 150px) 100vw, 150px\" \/><\/a><\/td>\n<td valign=\"top\">\n<ul>\n<li>Wir nehmen jedes Kind in seiner gesamten Pers\u00f6nlichkeit an!<\/li>\n<li>(versch. Nationalit\u00e4ten, Religionen, soziale Schichten, Eigenarten,&#8230;)<\/li>\n<li>Wir erm\u00f6glichen jedem Kind seinem Grundbed\u00fcrfnis sich zur\u00fcckzuziehen, nachzugehen.<\/li>\n<li>Wir erm\u00f6glichen jedem Kind seinen nat\u00fcrlichen Bewegungsdrang auszuleben.<\/li>\n<\/ul>\n<\/td>\n<\/tr>\n<\/tbody>\n<\/table>\n<div class=\"full_banner\" id=\"banner_\">\n        <span class=\"content\">\u201eWir nehmen uns Zeit!\u201c<\/span>\n    <\/div>\n\n<table border=\"0\">\n<tbody>\n<tr valign=\"top\">\n<td style=\"width: 152px;\"><a href=\"https:\/\/www.archenoah-finnentrop.de\/wp-content\/uploads\/kindmuehle.jpg\"><img loading=\"lazy\" decoding=\"async\" class=\"alignnone size-full wp-image-386\" alt=\"kindmuehle\" src=\"https:\/\/www.archenoah-finnentrop.de\/wp-content\/uploads\/kindmuehle.jpg\" width=\"162\" height=\"162\" srcset=\"https:\/\/www.archenoah-finnentrop.de\/wp-content\/uploads\/kindmuehle.jpg 162w, https:\/\/www.archenoah-finnentrop.de\/wp-content\/uploads\/kindmuehle-150x150.jpg 150w, https:\/\/www.archenoah-finnentrop.de\/wp-content\/uploads\/kindmuehle-146x146.jpg 146w\" sizes=\"auto, (max-width: 162px) 100vw, 162px\" \/><\/a><\/td>\n<td valign=\"top\">\n<ul>\n<li>jedem Kind Geborgenheit und Zuwendung zu schenken<\/li>\n<li>f\u00fcr Gespr\u00e4che mit Kindern und Eltern<\/li>\n<li>f\u00fcr Ruhe und Ausgeglichenheit<\/li>\n<\/ul>\n<\/td>\n<\/tr>\n<\/tbody>\n<\/table>\n<div class=\"full_banner\" id=\"banner_\">\n        <span class=\"content\">\u201eWir f\u00f6rdern und st\u00e4rken jedes einzelne Kind in seiner Gesamtentwicklung!\u201c<\/span>\n    <\/div>\n\n<table border=\"0\">\n<tbody>\n<tr valign=\"top\">\n<td style=\"width: 152px;\"><a href=\"https:\/\/www.archenoah-finnentrop.de\/wp-content\/uploads\/Fotolia_42475544_S.jpg\"><img loading=\"lazy\" decoding=\"async\" class=\"alignnone size-thumbnail wp-image-324\" alt=\"Happy childhood\" src=\"https:\/\/www.archenoah-finnentrop.de\/wp-content\/uploads\/Fotolia_42475544_S-150x150.jpg\" width=\"150\" height=\"150\" srcset=\"https:\/\/www.archenoah-finnentrop.de\/wp-content\/uploads\/Fotolia_42475544_S-150x150.jpg 150w, https:\/\/www.archenoah-finnentrop.de\/wp-content\/uploads\/Fotolia_42475544_S-146x146.jpg 146w\" sizes=\"auto, (max-width: 150px) 100vw, 150px\" \/><\/a><\/td>\n<td valign=\"top\">\n<ul>\n<li>in seiner Sprachentwicklung<\/li>\n<li>in seinen Bewegungsabl\u00e4ufen (Grob- und Feinmotorik)<\/li>\n<li>in seiner Selbst\u00e4ndigkeit<\/li>\n<li>in seinem Selbstbewusstsein<\/li>\n<li>in seiner Entscheidungsf\u00e4higkeit<\/li>\n<li>in seinem Grundwissen<\/li>\n<li>in seiner Entdeckung von neuen Lebensr\u00e4umen<\/li>\n<li>in seinem freien Spiel<\/li>\n<li>in seiner Phantasie und Kreativit\u00e4t<\/li>\n<\/ul>\n<\/td>\n<\/tr>\n<\/tbody>\n<\/table>\n<div class=\"full_banner\" id=\"banner_\">\n        <span class=\"content\">\u201eWir vermitteln Wertvorstellungen und Verantwortung!\u201c<\/span>\n    <\/div>\n\n<table border=\"0\">\n<tbody>\n<tr valign=\"top\">\n<td style=\"width: 152px;\"><a href=\"https:\/\/www.archenoah-finnentrop.de\/wp-content\/uploads\/Fotolia_49082718_S.jpg\"><img loading=\"lazy\" decoding=\"async\" class=\"alignnone size-thumbnail wp-image-326\" alt=\"kind mit kuscheltier\" src=\"https:\/\/www.archenoah-finnentrop.de\/wp-content\/uploads\/Fotolia_49082718_S-150x150.jpg\" width=\"150\" height=\"150\" srcset=\"https:\/\/www.archenoah-finnentrop.de\/wp-content\/uploads\/Fotolia_49082718_S-150x150.jpg 150w, https:\/\/www.archenoah-finnentrop.de\/wp-content\/uploads\/Fotolia_49082718_S-146x146.jpg 146w\" sizes=\"auto, (max-width: 150px) 100vw, 150px\" \/><\/a><\/td>\n<td valign=\"top\">\n<ul>\n<li>f\u00fcr den Umgang mit sich selbst<\/li>\n<li>f\u00fcr den Umgang mit seinen Mitmenschen<\/li>\n<li>f\u00fcr den Umgang mit Tieren<\/li>\n<li>f\u00fcr den Umgang mit der Natur<\/li>\n<li>f\u00fcr den Umgang mit Dingen<\/li>\n<\/ul>\n<\/td>\n<\/tr>\n<\/tbody>\n<\/table>\n<p><\/p>\n","protected":false},"excerpt":{"rendered":"<p>Paedagogische Ziele &nbsp; Wir nehmen jedes Kind in seiner gesamten Pers\u00f6nlichkeit an! (versch. Nationalit\u00e4ten, Religionen, soziale Schichten, Eigenarten,&#8230;) Wir erm\u00f6glichen jedem Kind seinem Grundbed\u00fcrfnis sich zur\u00fcckzuziehen, nachzugehen. Wir erm\u00f6glichen jedem Kind seinen nat\u00fcrlichen Bewegungsdrang auszuleben. jedem Kind Geborgenheit und Zuwendung [&hellip;]<\/p>\n","protected":false},"author":1,"featured_media":0,"parent":0,"menu_order":0,"comment_status":"open","ping_status":"open","template":"template-home.php","meta":{"footnotes":""},"class_list":["post-273","page","type-page","status-publish","hentry","","index.php?rest_route=%2Fwp%2Fv2%2Fpages%2F273"],"_links":{"self":[{"href":"https:\/\/www.archenoah-finnentrop.de\/index.php?rest_route=\/wp\/v2\/pages\/273","targetHints":{"allow":["GET"]}}],"collection":[{"href":"https:\/\/www.archenoah-finnentrop.de\/index.php?rest_route=\/wp\/v2\/pages"}],"about":[{"href":"https:\/\/www.archenoah-finnentrop.de\/index.php?rest_route=\/wp\/v2\/types\/page"}],"author":[{"embeddable":true,"href":"https:\/\/www.archenoah-finnentrop.de\/index.php?rest_route=\/wp\/v2\/users\/1"}],"replies":[{"embeddable":true,"href":"https:\/\/www.archenoah-finnentrop.de\/index.php?rest_route=%2Fwp%2Fv2%2Fcomments&post=273"}],"version-history":[{"count":14,"href":"https:\/\/www.archenoah-finnentrop.de\/index.php?rest_route=\/wp\/v2\/pages\/273\/revisions"}],"predecessor-version":[{"id":275,"href":"https:\/\/www.archenoah-finnentrop.de\/index.php?rest_route=\/wp\/v2\/pages\/273\/revisions\/275"}],"wp:attachment":[{"href":"https:\/\/www.archenoah-finnentrop.de\/index.php?rest_route=%2Fwp%2Fv2%2Fmedia&parent=273"}],"curies":[{"name":"wp","href":"https:\/\/api.w.org\/{rel}","templated":true}]}}