{"id":269,"date":"2013-02-28T16:33:26","date_gmt":"2013-02-28T14:33:26","guid":{"rendered":"http:\/\/beta.archenoah-finnentrop.de\/?page_id=269"},"modified":"2018-03-07T14:21:30","modified_gmt":"2018-03-07T12:21:30","slug":"die-geschichte-unserer-einrichtung","status":"publish","type":"page","link":"https:\/\/www.archenoah-finnentrop.de\/?page_id=269","title":{"rendered":"Die Geschichte unserer Einrichtung"},"content":{"rendered":"<h1>Willkommen im Kindergarten Arche Noah!<\/h1>\n<p>Am 10. August 1973 fand im ehemaligen Hotel Neubr\u00fccker Hof in Finnentrop die Gr\u00fcndungsversammlung des Kindergarten Elternvereins Finnentrop e.V. statt. Ziel der Versammlung war es, neben dem vorhandenen \u201eSchwestern Kindergarten\u201c einen weiteren Kindergarten mit zwei Gruppen einzurichten.<\/p>\n<p>M\u00e4nner der ersten Stunde waren: Sparkassendirektor Herbert Kleinsorge und der Verwaltungsbeamte Manfred Kochanek. Am 28. Oktober 1974 wurde der Kindergarten offiziell eingeweiht. Untergebracht war er zu dieser Zeit im leerstehenden Geb\u00e4ude der ehemaligen evangelischen Volksschule in Finnentrop.<\/p>\n<p>Im Jahre 1979 wurde beschlossen, einen neuen Kindergarten zu errichten. Dieses wurde 1981 in Angriff genommen und im August 1985 konnte der Neubau im Zentrum von Finnentrop bezogen werden.<\/p>\n<p>Schon nach wenigen Jahren zeigte sich, dass 50 Pl\u00e4tze nicht ausreichten und so entschloss man sich im Jahre 1991 den Kindergarten um eine dritte Gruppe zu erweitern. Am 01. August 1993 konnte der neue Anbau bezogen werden.<\/p>\n<p>Am 05.Juli 2010 fand der erste Spatenstich f\u00fcr den Anbau der vierten Gruppe- einer U3- Gruppe statt.\u00a0Im Januar 2011 konnte der neue Trakt mit zus\u00e4tzlichem Therapie- und Mehrzweckraum bezogen werden.<\/p>\n<p>Insgesamt verf\u00fcgt der Kindergarten heute \u00fcber drei altersgemischte Gruppen und eine U-3 Gruppe. Betreut werden Kinder verschiedener Nationalit\u00e4ten und Konfessionen. Der erste Vorsitzende des Elternvereins ist heute Torsten Tillmann, Gesch\u00e4ftsf\u00fchrer ist Oliver Scheermann.<\/p>\n<p><a style=\"font-style: normal; text-decoration: underline;\" href=\"https:\/\/www.archenoah-finnentrop.de\/wp-content\/uploads\/willkommen.gif\"><img loading=\"lazy\" decoding=\"async\" class=\"alignnone size-full wp-image-270\" style=\"border-color: #bbbbbb; background-color: #eeeeee;\" src=\"https:\/\/www.archenoah-finnentrop.de\/wp-content\/uploads\/willkommen.gif\" alt=\"willkommen\" width=\"510\" height=\"333\" \/><\/a><\/p>\n<p>Im Fr\u00fchjahr 2008 bewarben wir uns f\u00fcr das Landesprojekt \u201eWeiterentwicklung von Kindertageseinrichtungen zu Familienzentren\u201c und haben hierf\u00fcr den Zuspruch vom Jugendhilfeausschuss des Kreises Olpe bekommen.<\/p>\n<p>Die Teilnahme an diesem Projekt begann am 01.08.2008. Das Ziel eines Familienzentrums ist es, durch den Kindergarten Angebote zur F\u00f6rderung und Unterst\u00fctzung von Kindern und Familien in unterschiedlichen Lebenslagen und mit unterschiedlichen Bed\u00fcrfnissen bereitzustellen.<\/p>\n<p>Die Entwicklung vom Kindergarten Arche Noah zum Familienzentrum ist ein an den Bed\u00fcrfnissen unserer Familien orientierter Weg. Mit diesem Schritt konnten wir die fr\u00fchkindliche Bildung und F\u00f6rderung fachlich und finanziell fundiert verbessern und gleichzeitig die Vereinbarkeit von Beruf und Familie erleichtern. Zudem bieten wir regelm\u00e4\u00dfige Angebote, die die Familien in ihrem Erziehungsauftrag unterst\u00fctzen, sowie die M\u00f6glichkeit zur professionellen Beratung bei Fragen zur Erziehung und zur fr\u00fchkindlichen Entwicklung.<br \/>\nIntegrative Erziehung wird seit August 2002 bei uns angeboten. Hierbei gibt es einen intensiven Kontakt zu den unterschiedlichen Therapieeinrichtungen, die in unser Familienzentrum kommen.<br \/>\nIm Kontakt mit den Schulen und dem Gesundheitsamt wird der \u00dcbergang zur Schule begleitet. Familienzentren verfolgen einen familienorientierten Ansatz. Wir \u00f6ffnen unsere Einrichtung f\u00fcr neue Angebote und neue Partner.<\/p>\n<p>Im Fr\u00fchjahr 2009 haben wir die Zertifizierung mit 44 von 48 m\u00f6glichen Punkten das G\u00fctesiegel Familienzentrum NRW verliehen bekommen.<br \/>\nIm Jahr 2017 haben wir unsere Re- Zertifizierung erfolgreich abgeschlossen und d\u00fcrfen das G\u00fctesiegel Familienzentrum NRW f\u00fcr weitere vier Jahre tragen.<\/p>\n","protected":false},"excerpt":{"rendered":"<p>Willkommen im Kindergarten Arche Noah! Am 10. August 1973 fand im ehemaligen Hotel Neubr\u00fccker Hof in Finnentrop die Gr\u00fcndungsversammlung des Kindergarten Elternvereins Finnentrop e.V. statt. Ziel der Versammlung war es, neben dem vorhandenen \u201eSchwestern Kindergarten\u201c einen weiteren Kindergarten mit zwei [&hellip;]<\/p>\n","protected":false},"author":1,"featured_media":0,"parent":0,"menu_order":0,"comment_status":"open","ping_status":"open","template":"template-home.php","meta":{"footnotes":""},"class_list":["post-269","page","type-page","status-publish","hentry","","index.php?rest_route=%2Fwp%2Fv2%2Fpages%2F269"],"_links":{"self":[{"href":"https:\/\/www.archenoah-finnentrop.de\/index.php?rest_route=\/wp\/v2\/pages\/269","targetHints":{"allow":["GET"]}}],"collection":[{"href":"https:\/\/www.archenoah-finnentrop.de\/index.php?rest_route=\/wp\/v2\/pages"}],"about":[{"href":"https:\/\/www.archenoah-finnentrop.de\/index.php?rest_route=\/wp\/v2\/types\/page"}],"author":[{"embeddable":true,"href":"https:\/\/www.archenoah-finnentrop.de\/index.php?rest_route=\/wp\/v2\/users\/1"}],"replies":[{"embeddable":true,"href":"https:\/\/www.archenoah-finnentrop.de\/index.php?rest_route=%2Fwp%2Fv2%2Fcomments&post=269"}],"version-history":[{"count":7,"href":"https:\/\/www.archenoah-finnentrop.de\/index.php?rest_route=\/wp\/v2\/pages\/269\/revisions"}],"predecessor-version":[{"id":620,"href":"https:\/\/www.archenoah-finnentrop.de\/index.php?rest_route=\/wp\/v2\/pages\/269\/revisions\/620"}],"wp:attachment":[{"href":"https:\/\/www.archenoah-finnentrop.de\/index.php?rest_route=%2Fwp%2Fv2%2Fmedia&parent=269"}],"curies":[{"name":"wp","href":"https:\/\/api.w.org\/{rel}","templated":true}]}}