{"id":165,"date":"2012-05-04T02:17:52","date_gmt":"2012-05-04T02:17:52","guid":{"rendered":"http:\/\/tf.dtbaker.com.au\/wordpress\/child_care_creative2\/?page_id=15"},"modified":"2023-03-22T11:13:23","modified_gmt":"2023-03-22T09:13:23","slug":"home-page","status":"publish","type":"page","link":"https:\/\/www.archenoah-finnentrop.de\/","title":{"rendered":"Home"},"content":{"rendered":"<h1>Willkommen im Kindergarten Arche Noah!<\/h1>\n<p>Herzlich Willkommen auf unserer Homepage.\u00a0Auf diesen Seiten wollen wir Ihnen unseren Kindergarten vorstellen.\u00a0Kindergarteneltern haben hier die M\u00f6glichkeit sich \u00fcber Termine zu informieren\u00a0oder Bilder von aktuellen Ereignissen anzuschauen.<\/p>\n<p>Unsere viergruppige Einrichtung, die auch Kinder unter drei Jahren betreut, liegt im Zentrum von Finnentrop.<\/p>\n<p>Betreut werden Kinder verschiedener Nationalit\u00e4ten und Konfessionen.<\/p>\n<p>Unser Team besteht ausschlie\u00dflich aus staatl. anerkannten Erziehern bzw Heilp\u00e4dagogen.<\/p>\n<p>In unserem Familienzentrum wird Beratung und Unterst\u00fctzung von Kindern und Familien GROSSGESCHRIEBEN.<\/p>\n<p>\n<div class=\"post-it-holder post-it-3\">\n    <br \/>\n\n<div class=\"post-it\">\n    <div class=\"title special_font\">Ferien<\/div>    <div class=\"post-it_text\">Alle aktuellen Schlie\u00dfungstage finden Sie in unserer App und auf der Seite &#8222;\u00d6ffnungszeiten und Schlie\u00dfungstage&#8220;<\/div>\n            <div class=\"image\"><img decoding=\"async\" src=\"https:\/\/www.archenoah-finnentrop.de\/wp-content\/themes\/child-care-creative-wordpress\/images\/service1.png\" alt=\"\"\/><\/div>\n            <div class=\"button special_font\">\n        <a href=\"http:\/\/tf.dtbaker.com.au\/wordpress\/child_care_creative2\/\"><\/a>\n    <\/div>\n    <\/div>\n\n<br \/>\n\n<div class=\"post-it\">\n    <div class=\"title special_font\">Krabbelgruppe<\/div>    <div class=\"post-it_text\">Ab sofort findet wieder unsere Krabbelgruppe statt. Bei Interesse k\u00f6nnen Sie sich gerne in unserer Einrichtung melden.<\/div>\n            <div class=\"image\"><img decoding=\"async\" src=\"https:\/\/www.archenoah-finnentrop.de\/wp-content\/themes\/child-care-creative-wordpress\/images\/service2.png\" alt=\"\"\/><\/div>\n            <div class=\"button special_font\">\n        <a href=\"http:\/\/tf.dtbaker.com.au\/wordpress\/child_care_creative2\/\"><\/a>\n    <\/div>\n    <\/div>\n\n\n<div class=\"post-it\">\n    <div class=\"title special_font\">...<\/div>    <div class=\"post-it_text\">&#8230;<\/div>\n            <div class=\"image\"><img decoding=\"async\" src=\"https:\/\/www.archenoah-finnentrop.de\/wp-content\/themes\/child-care-creative-wordpress\/images\/service3.png\" alt=\"\"\/><\/div>\n            <div class=\"button special_font\">\n        <a href=\"http:\/\/tf.dtbaker.com.au\/wordpress\/child_care_creative2\/\"><\/a>\n    <\/div>\n    <\/div>\n\n<\/p>\n<p><em id=\"__mceDel\">    <div class=\"clear\"><\/div>\n<\/div>\n\n<\/em><\/p>\n","protected":false},"excerpt":{"rendered":"<p>Willkommen im Kindergarten Arche Noah! Herzlich Willkommen auf unserer Homepage.\u00a0Auf diesen Seiten wollen wir Ihnen unseren Kindergarten vorstellen.\u00a0Kindergarteneltern haben hier die M\u00f6glichkeit sich \u00fcber Termine zu informieren\u00a0oder Bilder von aktuellen Ereignissen anzuschauen. Unsere viergruppige Einrichtung, die auch Kinder unter drei [&hellip;]<\/p>\n","protected":false},"author":1,"featured_media":0,"parent":0,"menu_order":0,"comment_status":"open","ping_status":"open","template":"template-home.php","meta":{"footnotes":""},"class_list":["post-165","page","type-page","status-publish","hentry","","index.php?rest_route=%2Fwp%2Fv2%2Fpages%2F165"],"_links":{"self":[{"href":"https:\/\/www.archenoah-finnentrop.de\/index.php?rest_route=\/wp\/v2\/pages\/165","targetHints":{"allow":["GET"]}}],"collection":[{"href":"https:\/\/www.archenoah-finnentrop.de\/index.php?rest_route=\/wp\/v2\/pages"}],"about":[{"href":"https:\/\/www.archenoah-finnentrop.de\/index.php?rest_route=\/wp\/v2\/types\/page"}],"author":[{"embeddable":true,"href":"https:\/\/www.archenoah-finnentrop.de\/index.php?rest_route=\/wp\/v2\/users\/1"}],"replies":[{"embeddable":true,"href":"https:\/\/www.archenoah-finnentrop.de\/index.php?rest_route=%2Fwp%2Fv2%2Fcomments&post=165"}],"version-history":[{"count":125,"href":"https:\/\/www.archenoah-finnentrop.de\/index.php?rest_route=\/wp\/v2\/pages\/165\/revisions"}],"predecessor-version":[{"id":814,"href":"https:\/\/www.archenoah-finnentrop.de\/index.php?rest_route=\/wp\/v2\/pages\/165\/revisions\/814"}],"wp:attachment":[{"href":"https:\/\/www.archenoah-finnentrop.de\/index.php?rest_route=%2Fwp%2Fv2%2Fmedia&parent=165"}],"curies":[{"name":"wp","href":"https:\/\/api.w.org\/{rel}","templated":true}]}}